{"id":6049,"date":"2021-02-06T15:31:48","date_gmt":"2021-02-06T14:31:48","guid":{"rendered":"https:\/\/insanegames.ch\/index.php\/partner\/"},"modified":"2023-03-25T10:43:22","modified_gmt":"2023-03-25T09:43:22","slug":"partner","status":"publish","type":"page","link":"https:\/\/insanegames.ch\/index.php\/partner\/","title":{"rendered":"Partner"},"content":{"rendered":"\n    \n    <section class=\"u-clearfix u-image u-shading u-section-2\" id=\"partner-titel\" data-image-width=\"1600\" data-image-height=\"1067\" style=\"background-image: linear-gradient(0deg, rgba(0, 0, 0, 0.5), rgba(0, 0, 0, 0.5)), url(&quot;https:\/\/insanegames.ch\/wp-content\/uploads\/2021\/02\/Tunnel_Blick_kl.jpg&quot;);\">\n      <div class=\"u-clearfix u-sheet u-valign-bottom-xl u-sheet-1\">\n        <div class=\"u-container-style u-expanded-width u-group u-group-1\">\n          <div class=\"u-container-layout u-valign-top-xl u-container-layout-1\">\n            <div class=\"u-border-10 u-border-palette-3-base u-shape u-shape-right u-shape-1\"><\/div>\n            <h1 class=\"u-text u-text-body-alt-color u-title u-text-1\">Partner<\/h1>\n          <\/div>\n        <\/div>\n      <\/div>\n    <\/section>\n    <section class=\"u-clearfix u-section-3\" id=\"partner-partner\">\n      <div class=\"u-clearfix u-sheet u-valign-middle-sm u-valign-middle-xs u-sheet-1\">\n        <h2 class=\"u-text u-text-1\">Unsere Partner<\/h2>\n        <p class=\"u-text u-text-2\">Bei dem Aufbau unseres eigenen Escape Rooms hatten wir Unterst\u00fctzung von unseren Partnern, bei welchen wir uns herzlich bedanken:<\/p>\n        <h2 class=\"u-align-center u-subtitle u-text u-text-3\">Henry Von Pechblende<br>\n        <\/h2>\n        <p class=\"u-align-center u-text u-text-4\">Unser gr\u00f6sster Dank geht dabei an unseren K\u00fcnstler, welcher unsere Vorstellungen des Room Designs umgesetzt und dabei unsere Erwartungen \u00fcbertroffen hat!<br>\n        <\/p>\n        <img decoding=\"async\" class=\"u-image u-image-default u-image-1\" src=\"https:\/\/insanegames.ch\/wp-content\/uploads\/2022\/11\/Henry_Von_Pechblende.jpg\" alt=\"\" data-image-width=\"1080\" data-image-height=\"1294\" data-href=\"https:\/\/www.instagram.com\/uglyvirginfashion\/?hl=en\" data-target=\"_blank\">\n        <p class=\"u-align-center u-text u-text-5\">Room Design, Set Design, Fashion Design<br>\n        <\/p>\n        <div class=\"u-clearfix u-gutter-30 u-layout-wrap u-layout-wrap-1\">\n          <div class=\"u-gutter-0 u-layout\">\n            <div class=\"u-layout-col\">\n              <div class=\"u-size-60\">\n                <div class=\"u-layout-row\">\n                  <div class=\"u-container-style u-layout-cell u-size-30 u-layout-cell-1\">\n                    <div class=\"u-container-layout u-container-layout-1\">\n                      <img decoding=\"async\" class=\"u-expanded-width u-image u-image-contain u-image-2\" src=\"https:\/\/insanegames.ch\/wp-content\/uploads\/2021\/02\/oneITS_Logo_mit_Slogan_und_www_schwarz_512px_V10.jpg\" data-image-width=\"512\" data-image-height=\"133\" data-href=\"https:\/\/one-its.ch\" title=\"oneITS gmbh - IT nach Mass!\" data-target=\"_blank\">\n                      <p class=\"u-align-center u-text u-text-6\">Rabatt bei der Erstellung der Webseite<\/p>\n                    <\/div>\n                  <\/div>\n                  <div class=\"u-align-center u-container-style u-layout-cell u-right-cell u-size-30 u-layout-cell-2\">\n                    <div class=\"u-container-layout u-valign-bottom-sm u-valign-bottom-xs u-valign-top-lg u-valign-top-md u-valign-top-xl u-container-layout-2\">\n                      <img decoding=\"async\" class=\"u-expanded-width u-image u-image-contain u-image-3\" src=\"https:\/\/insanegames.ch\/wp-content\/uploads\/2021\/03\/nathisillustration.jpg\" data-href=\"https:\/\/nathisillustrations.tumblr.com\/\" data-target=\"_blank\">\n                      <p class=\"u-align-center u-text u-text-default u-text-7\">K\u00fcnstlerin,\nLogodesign<\/p>\n                    <\/div>\n                  <\/div>\n                <\/div>\n              <\/div>\n            <\/div>\n          <\/div>\n        <\/div>\n      <\/div>\n    <\/section>\n    \n    \n  \n","protected":false},"excerpt":{"rendered":"<p>Partner Unsere Partner Bei dem Aufbau unseres eigenen Escape Rooms hatten wir Unterst\u00fctzung von unseren Partnern, bei welchen wir uns herzlich bedanken: Henry Von Pechblende Unser gr\u00f6sster Dank geht dabei an unseren K\u00fcnstler, welcher unsere Vorstellungen des Room Designs umgesetzt und dabei unsere Erwartungen \u00fcbertroffen hat! Room Design, Set Design, Fashion Design Rabatt bei der &hellip; <a href=\"https:\/\/insanegames.ch\/index.php\/partner\/\" class=\"more-link\">Continue reading<span class=\"screen-reader-text\"> &#8222;Partner&#8220;<\/span><\/a><\/p>\n","protected":false},"author":1,"featured_media":0,"parent":0,"menu_order":1,"comment_status":"closed","ping_status":"closed","template":"","meta":{"footnotes":""},"class_list":["post-6049","page","type-page","status-publish","hentry"],"_links":{"self":[{"href":"https:\/\/insanegames.ch\/index.php\/wp-json\/wp\/v2\/pages\/6049","targetHints":{"allow":["GET"]}}],"collection":[{"href":"https:\/\/insanegames.ch\/index.php\/wp-json\/wp\/v2\/pages"}],"about":[{"href":"https:\/\/insanegames.ch\/index.php\/wp-json\/wp\/v2\/types\/page"}],"author":[{"embeddable":true,"href":"https:\/\/insanegames.ch\/index.php\/wp-json\/wp\/v2\/users\/1"}],"replies":[{"embeddable":true,"href":"https:\/\/insanegames.ch\/index.php\/wp-json\/wp\/v2\/comments?post=6049"}],"version-history":[{"count":9,"href":"https:\/\/insanegames.ch\/index.php\/wp-json\/wp\/v2\/pages\/6049\/revisions"}],"predecessor-version":[{"id":6487,"href":"https:\/\/insanegames.ch\/index.php\/wp-json\/wp\/v2\/pages\/6049\/revisions\/6487"}],"wp:attachment":[{"href":"https:\/\/insanegames.ch\/index.php\/wp-json\/wp\/v2\/media?parent=6049"}],"curies":[{"name":"wp","href":"https:\/\/api.w.org\/{rel}","templated":true}]}}