{"id":6053,"date":"2021-02-06T15:31:50","date_gmt":"2021-02-06T14:31:50","guid":{"rendered":"https:\/\/insanegames.ch\/index.php\/event-planen\/"},"modified":"2025-08-04T20:32:53","modified_gmt":"2025-08-04T19:32:53","slug":"event-planen","status":"publish","type":"page","link":"https:\/\/insanegames.ch\/index.php\/event-planen\/","title":{"rendered":"Event planen"},"content":{"rendered":"\n    \n    <section class=\"u-clearfix u-image u-shading u-section-2\" id=\"event-titel\" data-image-width=\"1600\" data-image-height=\"1067\" style=\"background-image: linear-gradient(0deg, rgba(0, 0, 0, 0.5), rgba(0, 0, 0, 0.5)), url(&quot;https:\/\/insanegames.ch\/wp-content\/uploads\/2021\/02\/Tunnel_Blick_kl.jpg&quot;);\">\n      <div class=\"u-clearfix u-sheet u-valign-bottom-lg u-valign-bottom-xl u-sheet-1\">\n        <div class=\"u-container-style u-expanded-width u-group u-group-1\">\n          <div class=\"u-container-layout u-valign-top-lg u-valign-top-xl u-container-layout-1\">\n            <div class=\"u-border-10 u-border-palette-3-base u-hidden-md u-hidden-sm u-hidden-xs u-shape u-shape-right u-shape-1\"><\/div>\n            <h1 class=\"u-text u-text-body-alt-color u-title u-text-1\">Event planen<\/h1>\n          <\/div>\n        <\/div>\n      <\/div>\n    <\/section>\n    <section class=\"u-black u-clearfix u-valign-middle-lg u-section-3\" id=\"carousel_7405\">\n      <div class=\"u-expanded-width u-list u-list-1\">\n        <div class=\"u-repeater u-repeater-1\">\n          <div class=\"u-container-style u-image u-list-item u-repeater-item u-image-1\" data-image-width=\"1200\" data-image-height=\"1600\" data-animation-name=\"customAnimationIn\" data-animation-duration=\"1000\" data-animation-delay=\"0\" style=\"background-image: url(&quot;https:\/\/insanegames.ch\/wp-content\/uploads\/2024\/07\/Apero_7.jpg&quot;);\">\n            <div class=\"u-container-layout u-similar-container u-container-layout-1\"><\/div>\n          <\/div>\n          <div class=\"u-container-style u-image u-list-item u-repeater-item u-image-2\" data-image-width=\"1600\" data-image-height=\"1200\" data-animation-name=\"customAnimationIn\" data-animation-duration=\"1000\" data-animation-delay=\"0\" style=\"background-image: url(&quot;https:\/\/insanegames.ch\/wp-content\/uploads\/2024\/07\/Apero_5.jpg&quot;);\">\n            <div class=\"u-container-layout u-similar-container u-container-layout-2\"><\/div>\n          <\/div>\n          <div class=\"u-container-style u-image u-list-item u-repeater-item u-image-3\" data-image-width=\"1200\" data-image-height=\"1600\" data-animation-name=\"customAnimationIn\" data-animation-duration=\"1000\" data-animation-delay=\"0\" style=\"background-image: url(&quot;https:\/\/insanegames.ch\/wp-content\/uploads\/2024\/07\/Apero_9.jpg&quot;);\">\n            <div class=\"u-container-layout u-similar-container u-container-layout-3\"><\/div>\n          <\/div>\n        <\/div>\n      <\/div>\n      <div class=\"custom-expanded u-align-left u-container-align-left u-container-style u-group u-palette-3-base u-shape-rectangle u-group-1\" data-animation-name=\"customAnimationIn\" data-animation-duration=\"1000\" data-animation-delay=\"500\">\n        <div class=\"u-container-layout u-valign-top-sm u-valign-top-xs u-container-layout-4\">\n          <h2 class=\"u-align-left u-text u-text-1\">Euer Event<\/h2>\n          <p class=\"u-align-left u-text u-text-2\">Ihr m\u00f6chtet zus\u00e4tzlich zu eurem Escape Room Besuch Verpflegung verkosten? Dann macht euren Besuch bei uns einfach zum Event. Egal ob Geburtstagsfeier mit Grill oder Teamausflug mit einem Ap\u00e9ro. Gerne erstellen wir euch eine kostenlose Offerte.&nbsp;Klickt daf\u00fcr auf den Button, f\u00fcllt das Formular aus und sendet uns dieses via Mail an:&nbsp;<a href=\"mailto:info@insanegames.ch\" class=\"u-active-none u-border-none u-btn u-button-style u-hover-none u-none u-text-palette-1-base u-btn-1\">info@insanegames.ch<\/a>\n          <\/p>\n          <a href=\"https:\/\/insanegames.ch\/wp-content\/uploads\/2025\/07\/Event_Offertenanfrage_Formular.docx\" class=\"u-btn u-btn-rectangle u-button-style u-custom-color-1 u-file-link u-btn-2\" target=\"_blank\">Offerte anfragen<\/a>\n        <\/div>\n      <\/div>\n    <\/section>\n    <section class=\"u-align-center u-black u-clearfix u-container-align-center u-section-4\" id=\"sec-7f91\">\n      <div class=\"u-clearfix u-sheet u-sheet-1\">\n        <h2 class=\"u-align-center u-text u-text-default u-text-1\"> Cafeteria\n\/ Terrasse <\/h2>\n        <p class=\"u-align-center u-text u-text-2\"> Mit dem Buchen eines Events d\u00fcrft ihr die Cafeteria \/ Terrasse des Geb\u00e4udes f\u00fcr die Verpflegung nutzen. Spielspass im Escape Room, kombiniert mit einem Ap\u00e9ro und toller Aussicht - so wird euer Event zum Erfolg.<b>&nbsp;<\/b>&nbsp;\n        <\/p>\n      <\/div>\n    <\/section>\n    <section class=\"u-carousel u-carousel-duration-1000 u-carousel-left u-slide u-block-09ae-1\" id=\"carousel-c07c\" data-interval=\"3000\" data-u-ride=\"carousel\">\n      <ol class=\"u-absolute-hcenter u-carousel-indicators u-block-09ae-2\">\n        <li data-u-target=\"#carousel-c07c\" class=\"u-active u-active-black u-grey-30 u-hover-custom-color-1\" data-u-slide-to=\"0\"><\/li>\n        <li data-u-target=\"#carousel-c07c\" class=\"u-active-black u-grey-30 u-hover-custom-color-1\" data-u-slide-to=\"1\"><\/li>\n        <li data-u-target=\"#carousel-c07c\" class=\"u-active-black u-grey-30 u-hover-custom-color-1\" data-u-slide-to=\"2\"><\/li>\n        <li data-u-target=\"#carousel-c07c\" class=\"u-active-black u-grey-30 u-hover-custom-color-1\" data-u-slide-to=\"3\"><\/li>\n        <li data-u-target=\"#carousel-c07c\" class=\"u-active-black u-grey-30 u-hover-custom-color-1\" data-u-slide-to=\"4\"><\/li>\n      <\/ol>\n      <div class=\"u-carousel-inner\" role=\"listbox\">\n        <div class=\"custom-expanded u-active u-align-center u-carousel-item u-clearfix u-image u-section-5-1\" src=\"\" style=\"background-image: url(&quot;https:\/\/insanegames.ch\/wp-content\/uploads\/2021\/02\/CafeteriaHauptbereich.jpg&quot;);\">\n          <div class=\"u-clearfix u-sheet u-sheet-1\">\n            <div class=\"u-border-10 u-border-palette-3-base u-shape u-shape-right u-shape-1\"><\/div>\n            <h2 class=\"u-align-left u-text u-text-white u-text-1\">Cafeteria Hauptbereich<\/h2>\n          <\/div>\n        <\/div>\n        <div class=\"custom-expanded u-align-center u-carousel-item u-clearfix u-image u-section-5-2\" src=\"\" data-image-width=\"1280\" data-image-height=\"849\" style=\"background-image: url(&quot;https:\/\/insanegames.ch\/wp-content\/uploads\/2021\/02\/Cafeteria.jpg&quot;);\">\n          <div class=\"u-clearfix u-sheet u-sheet-1\">\n            <div class=\"u-border-10 u-border-palette-3-base u-shape u-shape-right u-shape-1\"><\/div>\n            <h2 class=\"u-align-left u-text u-text-white u-text-1\">Cafeteria<\/h2>\n          <\/div>\n        <\/div>\n        <div class=\"custom-expanded u-align-center u-carousel-item u-clearfix u-image u-section-5-3\" src=\"\" data-image-width=\"1280\" data-image-height=\"960\" style=\"background-image: url(&quot;https:\/\/insanegames.ch\/wp-content\/uploads\/2021\/02\/Terrasse2.jpg&quot;);\">\n          <div class=\"u-clearfix u-sheet u-sheet-1\">\n            <div class=\"u-border-10 u-border-palette-3-base u-shape u-shape-right u-shape-1\"><\/div>\n            <h2 class=\"u-align-left u-text u-text-body-alt-color u-text-1\">Terrasse<\/h2>\n          <\/div>\n        <\/div>\n        <div class=\"custom-expanded u-align-center u-carousel-item u-clearfix u-image u-section-5-4\" src=\"\" style=\"background-image: url(&quot;https:\/\/insanegames.ch\/wp-content\/uploads\/2021\/02\/Terrasse31.jpg&quot;);\">\n          <div class=\"u-clearfix u-sheet u-sheet-1\">\n            <div class=\"u-border-10 u-border-palette-3-base u-shape u-shape-right u-shape-1\"><\/div>\n            <h2 class=\"u-align-left u-text u-text-body-alt-color u-text-1\">Terrasse<\/h2>\n          <\/div>\n        <\/div>\n        <div class=\"custom-expanded u-align-center u-carousel-item u-clearfix u-image u-section-5-5\" src=\"\" data-image-width=\"1600\" data-image-height=\"836\" style=\"background-image: url(&quot;https:\/\/insanegames.ch\/wp-content\/uploads\/2021\/02\/Tischtennis_Original.jpg&quot;);\">\n          <div class=\"u-clearfix u-sheet u-sheet-1\">\n            <div class=\"u-border-10 u-border-palette-3-base u-shape u-shape-right u-shape-1\"><\/div>\n            <h2 class=\"u-align-left u-text u-text-body-alt-color u-text-1\">Tischtennis<\/h2>\n          <\/div>\n        <\/div>\n      <\/div>\n      <a class=\"u-absolute-vcenter u-carousel-control u-carousel-control-prev u-text-grey-30 u-block-09ae-3\" href=\"#carousel-c07c\" role=\"button\" data-u-slide=\"prev\"><span aria-hidden=\"true\">\n          <svg viewBox=\"0 0 477.175 477.175\"><path d=\"M145.188,238.575l215.5-215.5c5.3-5.3,5.3-13.8,0-19.1s-13.8-5.3-19.1,0l-225.1,225.1c-5.3,5.3-5.3,13.8,0,19.1l225.1,225\n                    c2.6,2.6,6.1,4,9.5,4s6.9-1.3,9.5-4c5.3-5.3,5.3-13.8,0-19.1L145.188,238.575z\"><\/path><\/svg><\/span><span class=\"sr-only\">Previous<\/span>\n      <\/a>\n      <a class=\"u-absolute-vcenter u-carousel-control u-carousel-control-next u-text-grey-30 u-block-09ae-4\" href=\"#carousel-c07c\" role=\"button\" data-u-slide=\"next\"><span aria-hidden=\"true\">\n          <svg viewBox=\"0 0 477.175 477.175\"><path d=\"M360.731,229.075l-225.1-225.1c-5.3-5.3-13.8-5.3-19.1,0s-5.3,13.8,0,19.1l215.5,215.5l-215.5,215.5\n                    c-5.3,5.3-5.3,13.8,0,19.1c2.6,2.6,6.1,4,9.5,4c3.4,0,6.9-1.3,9.5-4l225.1-225.1C365.931,242.875,365.931,234.275,360.731,229.075z\"><\/path><\/svg><\/span><span class=\"sr-only\">Next<\/span>\n      <\/a>\n    <\/section>\n    <section class=\"u-black u-clearfix u-section-6\" id=\"event-turnier\">\n      <div class=\"u-clearfix u-sheet u-sheet-1\">\n        <div class=\"u-container-style u-expanded-width-md u-expanded-width-sm u-expanded-width-xs u-group u-similar-fill u-group-1\">\n          <div class=\"u-container-layout u-container-layout-1\">\n            <h2 class=\"u-align-left u-text u-text-1\">Turnier<\/h2>\n            <p class=\"u-text u-text-body-alt-color u-text-2\">Ihr seid mehrere Gruppen und wollt euch gegeneinander\nmessen? Dann ist das Turnier genau richtig f\u00fcr euch:&nbsp;&nbsp;<br>Die Gruppen spielen nacheinander unseren Room, wobei jeweils\nPunkte gesammelt werden.\nSobald alle Gruppen den Room absolviert haben, werden die\nPunktest\u00e4nde miteinander verglichen und es kann ein Gewinner gek\u00fcrt werden.&nbsp; &nbsp;&nbsp;<br>\n              <br>F\u00fcr das Turnier gibt es 2 M\u00f6glichkeiten:&nbsp; &nbsp;<br>&nbsp;1. Die Turnier-Spiele k\u00f6nnen auf mehrere Tage\naufgeteilt werden. Die Rangverk\u00fcndung inkl. optionaler Preisverleihung kann\nentweder am letzten Turniertag oder an einem separaten Tag stattfinden.&nbsp;&nbsp;&nbsp; <br><!--[if !supportLists]-->\n              <br>2. Es k\u00f6nnen alle Turnier-Spiele an einem Tag\nnacheinander stattfinden. Je nach Verf\u00fcgbarkeit k\u00f6nnen bis zu 6 Gruppen pro\nTag unseren Escape Room spielen.&nbsp;<br>\n              <br>Sendet uns einfach eine Mail mit euren W\u00fcnschen\/\nVorstellungen und wir pr\u00fcfen die Machbarkeit und stellen euch eine kostenlose\nOfferte zusammen. E-Mail: <a href=\"mailto:info@insanegames.ch\">info@insanegames.ch<\/a>\n            <\/p>\n          <\/div>\n        <\/div>\n        <div class=\"u-border-10 u-border-palette-3-base u-hidden-md u-hidden-sm u-hidden-xs u-shape u-shape-left u-shape-1\"><\/div>\n      <\/div>\n    <\/section>\n    <section class=\"u-clearfix u-image u-shading u-section-7\" id=\"event-anfrage\" data-image-width=\"1600\" data-image-height=\"1067\" style=\"background-image: linear-gradient(0deg, rgba(0, 0, 0, 0.6), rgba(0, 0, 0, 0.6)), url(&quot;https:\/\/insanegames.ch\/wp-content\/uploads\/2021\/02\/Tunnel_Blick_kl.jpg&quot;);\">\n      <div class=\"u-clearfix u-sheet u-sheet-1\">\n        <div class=\"u-border-10 u-border-palette-3-base u-hidden-md u-hidden-sm u-hidden-xs u-shape u-shape-right u-shape-1\"><\/div>\n        <div class=\"u-container-style u-expanded-width u-group u-similar-fill u-group-1\">\n          <div class=\"u-container-layout u-valign-bottom-xl u-container-layout-1\">\n            <h2 class=\"u-text u-text-1\">Individuelle\nAnfrage<\/h2>\n            <p class=\"u-text u-text-2\">Ihr m\u00f6chtet euren Event anders planen als oben\nvorgeschlagen? Dann sendet uns eine Mail mit euren individuellen W\u00fcnschen zu eurem\nEvent. Gerne pr\u00fcfen wir die Machbarkeit und werden uns mit euch in Verbindung\nsetzen. E-Mail: <a href=\"mailto:info@insanegames.ch\">info@insanegames.ch<\/a>\n            <\/p>\n            <a href=\"https:\/\/insanegames.ch\/wp-content\/uploads\/2025\/07\/Event_Offertenanfrage_Formular.docx\" class=\"u-btn u-btn-rectangle u-button-style u-custom-color-1 u-file-link u-btn-1\">Offerte anfragen<\/a>\n          <\/div>\n        <\/div>\n      <\/div>\n    <\/section>\n    \n    \n    \n    \n  \n","protected":false},"excerpt":{"rendered":"<p>Event planen Euer Event Ihr m\u00f6chtet zus\u00e4tzlich zu eurem Escape Room Besuch Verpflegung verkosten? Dann macht euren Besuch bei uns einfach zum Event. Egal ob Geburtstagsfeier mit Grill oder Teamausflug mit einem Ap\u00e9ro. Gerne erstellen wir euch eine kostenlose Offerte.&nbsp;Klickt daf\u00fcr auf den Button, f\u00fcllt das Formular aus und sendet uns dieses via Mail an:&nbsp;info@insanegames.ch &hellip; <a href=\"https:\/\/insanegames.ch\/index.php\/event-planen\/\" class=\"more-link\">Continue reading<span class=\"screen-reader-text\"> &#8222;Event planen&#8220;<\/span><\/a><\/p>\n","protected":false},"author":1,"featured_media":0,"parent":0,"menu_order":3,"comment_status":"closed","ping_status":"closed","template":"","meta":{"footnotes":""},"class_list":["post-6053","page","type-page","status-publish","hentry"],"_links":{"self":[{"href":"https:\/\/insanegames.ch\/index.php\/wp-json\/wp\/v2\/pages\/6053","targetHints":{"allow":["GET"]}}],"collection":[{"href":"https:\/\/insanegames.ch\/index.php\/wp-json\/wp\/v2\/pages"}],"about":[{"href":"https:\/\/insanegames.ch\/index.php\/wp-json\/wp\/v2\/types\/page"}],"author":[{"embeddable":true,"href":"https:\/\/insanegames.ch\/index.php\/wp-json\/wp\/v2\/users\/1"}],"replies":[{"embeddable":true,"href":"https:\/\/insanegames.ch\/index.php\/wp-json\/wp\/v2\/comments?post=6053"}],"version-history":[{"count":16,"href":"https:\/\/insanegames.ch\/index.php\/wp-json\/wp\/v2\/pages\/6053\/revisions"}],"predecessor-version":[{"id":7457,"href":"https:\/\/insanegames.ch\/index.php\/wp-json\/wp\/v2\/pages\/6053\/revisions\/7457"}],"wp:attachment":[{"href":"https:\/\/insanegames.ch\/index.php\/wp-json\/wp\/v2\/media?parent=6053"}],"curies":[{"name":"wp","href":"https:\/\/api.w.org\/{rel}","templated":true}]}}