{"id":6061,"date":"2021-02-06T15:31:54","date_gmt":"2021-02-06T14:31:54","guid":{"rendered":"https:\/\/insanegames.ch\/index.php\/ueber-uns\/"},"modified":"2025-08-04T20:46:17","modified_gmt":"2025-08-04T19:46:17","slug":"ueber-uns","status":"publish","type":"page","link":"https:\/\/insanegames.ch\/index.php\/ueber-uns\/","title":{"rendered":"\u00dcber uns"},"content":{"rendered":"\n    \n    <section class=\"u-clearfix u-image u-shading u-section-2\" id=\"ueber-titel\" data-image-width=\"1600\" data-image-height=\"1067\" style=\"background-image: linear-gradient(0deg, rgba(0, 0, 0, 0.5), rgba(0, 0, 0, 0.5)), url(&quot;https:\/\/insanegames.ch\/wp-content\/uploads\/2021\/02\/Tunnel_Blick_kl.jpg&quot;);\">\n      <div class=\"u-clearfix u-sheet u-valign-bottom-lg u-valign-bottom-xl u-sheet-1\">\n        <div class=\"u-container-style u-expanded-width u-group u-group-1\">\n          <div class=\"u-container-layout u-valign-top-sm u-valign-top-xl u-container-layout-1\">\n            <div class=\"u-border-10 u-border-palette-3-base u-shape u-shape-right u-shape-1\"><\/div>\n            <h1 class=\"u-text u-text-body-alt-color u-title u-text-1\">\u00dcber uns<\/h1>\n          <\/div>\n        <\/div>\n      <\/div>\n    <\/section>\n    <section class=\"u-black u-clearfix u-section-3\" id=\"ueber-team\">\n      <div class=\"u-clearfix u-sheet u-valign-middle-lg u-sheet-1\">\n        <h2 class=\"u-text u-text-1\">Das Gr\u00fcnderteam<\/h2>\n        <p class=\"u-text u-text-2\">Hinter der Marke Insane Games stecken 2 kreative K\u00f6pfe, welche mit viel Herzblut und Liebe zum Detail einen eigenen und einzigartigen Escape Room geschaffen haben. <br>\n          <br>Das Setting, das Raumdesign, die R\u00e4tsel und auch die neuen Spielelemente entstammen unseren eigenen Ideen. Die Umsetzung der Ideen f\u00fcr das Raumdesign hat ein K\u00fcnstler f\u00fcr uns \u00fcbernommen (siehe Partner), wobei er unsere Erwartungen sogar \u00fcbertroffen hat.<br>\n        <\/p>\n        <div class=\"data-layout-selected u-clearfix u-gutter-24 u-layout-custom-sm u-layout-custom-xs u-layout-wrap u-layout-wrap-1\">\n          <div class=\"u-gutter-0 u-layout\">\n            <div class=\"u-layout-row\">\n              <div class=\"u-align-center u-container-align-center u-container-style u-image u-layout-cell u-size-30 u-image-1\" data-animation-name=\"flipIn\" data-animation-duration=\"1000\" data-animation-delay=\"0\" data-animation-direction=\"X\" style=\"background-image: url(&quot;https:\/\/insanegames.ch\/wp-content\/uploads\/2021\/02\/Larissa_512.jpg&quot;);\">\n                <div class=\"u-container-layout\" src=\"\"><\/div>\n              <\/div>\n              <div class=\"u-align-center u-container-align-center u-container-style u-image u-layout-cell u-size-30 u-image-2\" data-image-width=\"372\" data-image-height=\"512\" data-animation-name=\"flipIn\" data-animation-duration=\"1000\" data-animation-delay=\"100\" data-animation-direction=\"X\" style=\"background-image: url(&quot;https:\/\/insanegames.ch\/wp-content\/uploads\/2021\/02\/Mischa_5121.jpg&quot;);\">\n                <div class=\"u-container-layout\" src=\"\"><\/div>\n              <\/div>\n            <\/div>\n          <\/div>\n        <\/div>\n        <div class=\"u-border-10 u-border-palette-3-base u-hidden-sm u-hidden-xs u-shape u-shape-left u-shape-1\"><\/div>\n        <p class=\"u-text u-text-default-xs u-text-3\">Wir beide haben uns in diesem Projekt wunderbar erg\u00e4nzt:\nLarissa hat bereits mehrere Escape Rooms gespielt und kennt dadurch deren St\u00e4rken und Schw\u00e4chen. Mischa wiederrum hatte zu Beginn noch\nkeinen einzigen Room gespielt und konnte dadurch frischen Wind einbringen. Wir\nbeide zusammen hatten so diverse Ideen f\u00fcr neue Spielelemente, die dem\n\u00abErlebnis Escape Room\u00bb das gewisse Etwas verpassen.&nbsp; Zudem haben wir den Vorteil, dass wir beide eine\ntechnische Grundausbildung abgeschlossen haben. Dies half uns sehr bei der\nUmsetzung einiger R\u00e4tselideen. So waren wir nicht nur an Schl\u00fcssel-Schloss\nR\u00e4tsel gebunden, sondern konnten auch technische R\u00e4tsel\/ Effekte einbauen.&nbsp;<br>Mit\nunserem Room wollen wir den Spielern ein noch intensiveres Spielerlebnis\nerm\u00f6glichen. Wir haben viel Wert auf die Qualit\u00e4t gelegt, so dass unser Room ein\nrealit\u00e4tnahes Feeling vermitteln kann. \n        <\/p>\n      <\/div>\n    <\/section>\n    <section class=\"u-clearfix u-section-4\" id=\"ueber-oeffnungszeiten\">\n      <div class=\"u-clearfix u-sheet u-valign-middle-lg u-valign-middle-md u-valign-middle-xl u-sheet-1\">\n        <div class=\"data-layout-selected u-clearfix u-expanded-width u-gutter-24 u-layout-wrap u-layout-wrap-1\">\n          <div class=\"u-gutter-0 u-layout\">\n            <div class=\"u-layout-row\">\n              <div class=\"u-align-right u-container-align-right u-container-style u-layout-cell u-left-cell u-size-30 u-layout-cell-1\">\n                <div class=\"u-container-layout u-container-layout-1\">\n                  <h2 class=\"u-text u-text-1\">Kontakt &amp; \u00d6ffnungszeiten<\/h2>\n                  <p class=\"u-text u-text-2\">Mo \u2013 Mi&nbsp; &nbsp; &nbsp; &nbsp; &nbsp; &nbsp; &nbsp; &nbsp; &nbsp; &nbsp; &nbsp; auf Anfrage<br>Donnerstag&nbsp;&nbsp;&nbsp;&nbsp;&nbsp;&nbsp;&nbsp;&nbsp;&nbsp;&nbsp; 18:00\n\u2013 22:00 Uhr<br>Freitag&nbsp;&nbsp;&nbsp;&nbsp;&nbsp;&nbsp;&nbsp;&nbsp;&nbsp;&nbsp; 17:00\n\u2013 23:00 Uhr<br>Samstag&nbsp; &nbsp; &nbsp; &nbsp; &nbsp; &nbsp;11:00\n\u2013 23:00 Uhr<br>Sonntag&nbsp;&nbsp;&nbsp;&nbsp;&nbsp;&nbsp;&nbsp;&nbsp;&nbsp;&nbsp; 11:00\n\u2013 21:00 Uhr \n                  <\/p>\n                  <p class=\"u-text u-text-3\">Telefon: &nbsp; &nbsp; &nbsp; &nbsp; &nbsp; &nbsp; &nbsp; &nbsp; \u200b062 822 33 77<br>Whatsapp:&nbsp; &nbsp; &nbsp; &nbsp; &nbsp; &nbsp; &nbsp; &nbsp; &nbsp;077 470 01 12<br>E-Mail: &nbsp; info@insanegames.ch<br>\n                  <\/p>\n                  <div class=\"custom-expanded u-border-10 u-border-palette-3-base u-hidden-xs u-shape u-shape-right u-shape-1\"><\/div>\n                  <p class=\"u-text u-text-4\">Auf\nAnfrage k\u00f6nnen wir pr\u00fcfen, ob Spiele ausserhalb der genannten\n\u00d6ffnungszeiten m\u00f6glich sind.<br>\n                  <\/p>\n                <\/div>\n              <\/div>\n              <div class=\"u-align-left u-container-align-left u-container-style u-layout-cell u-right-cell u-size-30 u-layout-cell-2\">\n                <div class=\"u-container-layout u-container-layout-2\">\n                  <h2 class=\"u-text u-text-5\">Kontaktformul\u200b\u200bar<\/h2>\n                  <div class=\"u-expanded-width-sm u-expanded-width-xs u-form u-form-1\">\n                            <script>\n            function onSuccess(event) {\n                if (typeof window.serviceRequest !== 'undefined') {\n                    window.serviceRequest(jQuery(this).find('form'));\n                }\n                var msgContainer = jQuery(event.currentTarget).find('.wpcf7-response-output');\n                msgContainer.removeClass('u-form-send-error').addClass('u-form-send-message u-form-send-success');\n                msgContainer.show();\n                var redirectAddress = jQuery(event.currentTarget).find('[redirect-address]').attr('redirect-address');\n                if (redirectAddress) {\n                    setTimeout(function () {\n                        location.replace(redirectAddress);\n                    }, 2000);\n                }\n            }\n            function onError(event) {\n                var msgContainer = jQuery(event.currentTarget).find('.wpcf7-response-output');\n                msgContainer.removeClass('u-form-send-success').addClass('u-form-send-message u-form-send-error');\n                msgContainer.show();\n            }\n\n            jQuery('body')\n                .on('wpcf7mailsent',   '.u-form .wpcf7', onSuccess)\n                .on('wpcf7invalid',    '.u-form .wpcf7', onError)\n                .on('wpcf7:unaccepted', '.u-form .wpcf7', onError)\n                .on('wpcf7spam',       '.u-form .wpcf7', onError)\n                .on('wpcf7:aborted',    '.u-form .wpcf7', onError)\n                .on('wpcf7mailfailed', '.u-form .wpcf7', onError);\n        <\/script>\n        <style>\n            .u-form .wpcf7-response-output {\n                \/*position: relative !important;*\/\n                margin: 0 !important;\n                bottom: -70px!important;\n            }\n            .u-form .wpcf7 .ajax-loader {\n                margin-left: -24px;\n                margin-right: 0;\n            }\n        <\/style>\n\n<div class=\"wpcf7 no-js\" id=\"wpcf7-f6077-o1\" lang=\"de-DE\" dir=\"ltr\" data-wpcf7-id=\"6077\">\n<div class=\"screen-reader-response\"><p role=\"status\" aria-live=\"polite\" aria-atomic=\"true\"><\/p> <ul><\/ul><\/div>\n<form style=\"padding: 10px;\" action=\"\/index.php\/wp-json\/wp\/v2\/pages\/6061#wpcf7-f6077-o1\" method=\"post\" class=\"wpcf7-form init u-clearfix u-form-spacing-10 u-form-vertical u-inner-form u-form-custom-backend\" aria-label=\"Kontaktformular\" novalidate=\"novalidate\" data-status=\"init\">\n<fieldset class=\"hidden-fields-container\"><input type=\"hidden\" name=\"_wpcf7\" value=\"6077\" \/><input type=\"hidden\" name=\"_wpcf7_version\" value=\"6.1.5\" \/><input type=\"hidden\" name=\"_wpcf7_locale\" value=\"de_DE\" \/><input type=\"hidden\" name=\"_wpcf7_unit_tag\" value=\"wpcf7-f6077-o1\" \/><input type=\"hidden\" name=\"_wpcf7_container_post\" value=\"0\" \/><input type=\"hidden\" name=\"_wpcf7_posted_data_hash\" value=\"\" \/><input type=\"hidden\" name=\"_wpcf7_recaptcha_response\" value=\"\" \/>\n<\/fieldset>\n\n                      <div class=\"u-form-group wpcf7-form-control-wrap u-form-name\">\n                        <label for=\"name-cda7\" class=\"u-form-control-hidden u-label\"><\/label>\n                        <input type=\"text\" placeholder=\"Name\" id=\"name-cda7\" name=\"name1\" class=\"u-grey-25 u-input wpcf7-form-control u-input-rectangle u-radius-0\" required=\"\">\n                      <\/div>\n                      <div class=\"u-form-group wpcf7-form-control-wrap u-form-name u-label-none u-form-group wpcf7-form-control-wrap-2\">\n                        <label for=\"name-acf0\" class=\"u-form-control-hidden u-label\"><\/label>\n                        <input type=\"text\" placeholder=\"Vorname\" id=\"name-acf0\" name=\"vorname\" class=\"u-grey-25 u-input wpcf7-form-control u-input-rectangle u-radius-0\" required=\"\">\n                      <\/div>\n                      <div class=\"u-form-email u-form-group wpcf7-form-control-wrap\">\n                        <label for=\"email-cda7\" class=\"u-form-control-hidden u-label\">E-Mail<\/label>\n                        <input type=\"email\" placeholder=\"E-Mail Adresse\" id=\"email-cda7\" name=\"email\" class=\"u-grey-25 u-input wpcf7-form-control u-input-rectangle u-radius-0\" required=\"\">\n                      <\/div>\n                      <div class=\"u-form-group wpcf7-form-control-wrap u-form-message\">\n                        <label for=\"message-cda7\" class=\"u-form-control-hidden u-label\">Nachricht<\/label>\n                        <textarea placeholder=\"Nachricht\" rows=\"4\" cols=\"50\" id=\"message-cda7\" name=\"message\" class=\"u-grey-25 u-input wpcf7-form-control u-input-rectangle u-radius-0\" required=\"\"><\/textarea>\n                      <\/div>\n                      <div class=\"u-align-left u-form-group wpcf7-form-control-wrap u-form-submit wpcf7-form-control\">\n                        <a href=\"#\" class=\"u-btn u-btn-rectangle u-btn-submit wpcf7-submit u-button-style u-custom-color-1 u-btn-1\">absenden<\/a>\n                        <input type=\"submit\" value=\"submit\" class=\"u-form-control-hidden\">\n                      <\/div>\n                      <div class=\"u-form-send-message u-form-send-success\"> Vielen Dank! Ihre Nachricht wurde gesendet. <\/div>\n                      <div class=\"u-form-send-error u-form-send-message\"> Ihre Nachricht konnte nicht gesendet werden. Bitte beheben Sie den Fehler und versuchen Sie es erneut. <\/div>\n                      <input type=\"hidden\" value=\"\" name=\"recaptchaResponse\">\n                    <input type=\"hidden\" name=\"_contact7_backend\" value=\"1\"><div class=\"wpcf7-response-output\" aria-hidden=\"true\"><\/div>\n<\/form>\n<\/div>\n\n                  <\/div>\n                <\/div>\n              <\/div>\n            <\/div>\n          <\/div>\n        <\/div>\n      <\/div>\n    <\/section>\n    <section class=\"u-clearfix u-section-5\" id=\"ueber-newsletter\">\n      <div class=\"u-clearfix u-sheet u-valign-middle-xl u-sheet-1\">\n        <div class=\"data-layout-selected u-clearfix u-expanded-width u-gutter-0 u-layout-wrap u-layout-wrap-1\">\n          <div class=\"u-gutter-0 u-layout\">\n            <div class=\"u-layout-row\">\n              <div class=\"u-align-left u-container-align-left u-container-style u-layout-cell u-left-cell u-size-30 u-layout-cell-1\">\n                <div class=\"u-container-layout u-container-layout-1\">\n                  <h2 class=\"u-text u-text-1\">Newsletter<\/h2>\n                  <p class=\"u-text u-text-2\">Melde dich f\u00fcr den Newslette an und wir informieren dich \u00fcber neue Spiele, Events und vieles mehr. <br>Deine E-Mail Adresse wird nicht an Dritte weitergegeben. \n                  <\/p>\n                <\/div>\n              <\/div>\n              <div class=\"u-align-left u-container-align-left u-container-style u-layout-cell u-right-cell u-shape-rectangle u-size-30 u-layout-cell-2\">\n                <div class=\"u-container-layout u-container-layout-2\" src=\"\">\n                  <div class=\"u-absolute-hcenter-md u-absolute-hcenter-sm u-absolute-hcenter-xs u-border-10 u-border-palette-3-base u-expanded u-hidden-sm u-hidden-xs u-shape u-shape-left\"><\/div>\n                  <div class=\"u-form u-form-1\">\n                    \n<div class=\"wpcf7 no-js\" id=\"wpcf7-f6147-o2\" lang=\"de-DE\" dir=\"ltr\" data-wpcf7-id=\"6147\">\n<div class=\"screen-reader-response\"><p role=\"status\" aria-live=\"polite\" aria-atomic=\"true\"><\/p> <ul><\/ul><\/div>\n<form action=\"\/index.php\/wp-json\/wp\/v2\/pages\/6061#wpcf7-f6147-o2\" method=\"post\" class=\"wpcf7-form init u-block-d22b-36 u-clearfix u-form-spacing-15 u-form-vertical u-inner-form u-form-custom-backend\" aria-label=\"Kontaktformular\" novalidate=\"novalidate\" data-status=\"init\">\n<fieldset class=\"hidden-fields-container\"><input type=\"hidden\" name=\"_wpcf7\" value=\"6147\" \/><input type=\"hidden\" name=\"_wpcf7_version\" value=\"6.1.5\" \/><input type=\"hidden\" name=\"_wpcf7_locale\" value=\"de_DE\" \/><input type=\"hidden\" name=\"_wpcf7_unit_tag\" value=\"wpcf7-f6147-o2\" \/><input type=\"hidden\" name=\"_wpcf7_container_post\" value=\"0\" \/><input type=\"hidden\" name=\"_wpcf7_posted_data_hash\" value=\"\" \/><input type=\"hidden\" name=\"_wpcf7_recaptcha_response\" value=\"\" \/>\n<\/fieldset>\n<!-- hidden inputs for siteId and pageId -->\n                      <div class=\"u-form-group wpcf7-form-control-wrap u-form-name\">\n                        <label for=\"name-7005\" class=\"u-form-control-hidden u-label u-text-grey-10\"><\/label>\n                        <input type=\"text\" placeholder=\"Name\" id=\"name-7005\" name=\"name1\" class=\"u-input wpcf7-form-control u-input-rectangle\" required=\"\">\n                      <\/div><!-- always visible -->\n                      <div class=\"u-form-group wpcf7-form-control-wrap u-form-name u-label-top u-form-group wpcf7-form-control-wrap-2\">\n                        <label for=\"name-5d2e\" class=\"u-form-control-hidden u-label u-text-grey-10\"><\/label>\n                        <input type=\"text\" placeholder=\"Vorname\" id=\"name-5d2e\" name=\"vorname\" class=\"u-input wpcf7-form-control u-input-rectangle\" required=\"\">\n                      <\/div>\n                      <div class=\"u-form-email u-form-group wpcf7-form-control-wrap u-label-none u-form-group wpcf7-form-control-wrap-3\">\n                        <label for=\"email-748a\" class=\"u-form-control-hidden u-label u-text-grey-10\"><\/label>\n                        <input type=\"email\" placeholder=\"E-Mail-Adresse\" id=\"email-748a\" name=\"email\" class=\"u-input wpcf7-form-control u-input-rectangle\" required=\"required\">\n                      <\/div>\n                      <div class=\"u-form-group wpcf7-form-control-wrap u-form-submit wpcf7-form-control\">\n                        <a href=\"#\" class=\"u-btn u-btn-rectangle u-btn-submit wpcf7-submit u-button-style u-custom-color-1 u-radius-0 u-btn-1\">absenden<\/a>\n                        <input type=\"submit\" value=\"submit\" class=\"u-form-control-hidden\">\n                      <\/div>\n                      <div class=\"u-form-send-message u-form-send-success\"> Vielen Dank! Ihre Nachricht wurde gesendet. <\/div>\n                      <div class=\"u-form-send-error u-form-send-message\"> Ihre Nachricht konnte nicht gesendet werden. Bitte beheben Sie den Fehler und versuchen Sie es erneut. <\/div>\n                      <input type=\"hidden\" value=\"\" name=\"recaptchaResponse\">\n                    <input type=\"hidden\" name=\"_contact7_backend\" value=\"1\"><div class=\"wpcf7-response-output\" aria-hidden=\"true\"><\/div>\n<\/form>\n<\/div>\n\n                  <\/div>\n                <\/div>\n              <\/div>\n            <\/div>\n          <\/div>\n        <\/div>\n      <\/div>\n    <\/section>\n    <section class=\"u-clearfix u-section-6\" src=\"\" id=\"ueber-wo\">\n      <div class=\"u-clearfix u-sheet u-sheet-1\">\n        <h2 class=\"u-text u-text-1\">Anfahrt<\/h2>\n        <div class=\"u-clearfix u-expanded-width-md u-expanded-width-sm u-expanded-width-xs u-gutter-0 u-layout-wrap u-layout-wrap-1\">\n          <div class=\"u-layout\">\n            <div class=\"u-layout-row\">\n              <div class=\"u-align-left u-container-align-left u-container-style u-layout-cell u-left-cell u-size-20 u-size-20-md u-layout-cell-1\">\n                <div class=\"u-container-layout u-container-layout-1\">\n                  <div class=\"u-align-left u-expanded u-grey-10 u-map\">\n                    <div class=\"embed-responsive\">\n                      <iframe class=\"embed-responsive-item\" src=\"\/\/maps.google.com\/maps?output=embed&amp;q=Bahnhofstrasse%20102%205000%20Aarau&amp;z=15&amp;t=m\" data-map=\"JTdCJTIycG9zaXRpb25UeXBlJTIyJTNBJTIybWFwLWFkZHJlc3MlMjIlMkMlMjJhZGRyZXNzJTIyJTNBJTIyQmFobmhvZnN0cmFzc2UlMjAxMDIlMjA1MDAwJTIwQWFyYXUlMjIlMkMlMjJ6b29tJTIyJTNBMTUlMkMlMjJ0eXBlSWQlMjIlM0ElMjJyb2FkJTIyJTJDJTIybGFuZyUyMiUzQW51bGwlMkMlMjJhcGlLZXklMjIlM0FudWxsJTJDJTIybWFya2VycyUyMiUzQSU1QiU1RCU3RA==\"><\/iframe>\n                    <\/div>\n                  <\/div>\n                <\/div>\n              <\/div>\n              <div class=\"u-align-left u-container-align-left u-container-style u-layout-cell u-size-20-md u-size-24-lg u-size-24-xl u-size-28-sm u-size-28-xs u-layout-cell-2\">\n                <div class=\"u-container-layout u-valign-top-lg u-valign-top-md u-valign-top-xl u-container-layout-2\">\n                  <h3 class=\"u-text u-text-2\">Insane Games GmbH <span style=\"font-size: 1.25rem;\">(Relais102)<\/span>\n                  <\/h3>\n                  <p class=\"u-text u-text-3\">Ihr findet uns im Geb\u00e4ude \"Relais102\" in Aarau, welches sich beim Bahnhof befindet. <br>Der Haupteingang befindet sich auf der Seite der Kreuzung. <br>\n                    <br>Wir holen euch 15 Min. vor Spielbeginn beim Haupteingang im EG ab. <br>\n                    <br><span style=\"font-weight: 700;\">Adresse: <\/span>\n                    <br>Bahnhofstrasse 102<br>5000 Aarau<br>\n                    <br><span style=\"font-weight: 700;\">Anfahrt mit dem Auto <\/span>\n                    <br>Bitte parkiert in einem der umliegenden Parkh\u00e4user. Wir haben keine eigenen Besucherparkpl\u00e4tze.\n                  <\/p>\n                  <p class=\"u-text u-text-4\"><b>Anfahrt mit dem \u00d6V<\/b>\n                    <br>1. Zum Bahnhof \"Aarau\" fahren<br> 2. Fussweg zum Haupteingang des Relais102 <br>\n                    <br>\n                  <\/p>\n                <\/div>\n              <\/div>\n              <div class=\"u-align-left u-container-align-left u-container-style u-image u-layout-cell u-right-cell u-size-12-sm u-size-12-xs u-size-16-lg u-size-16-xl u-size-20-md u-image-1\" style=\"background-image: url(&quot;https:\/\/insanegames.ch\/wp-content\/uploads\/2021\/02\/Aussen_Relais1021.jpg&quot;);\">\n                <div class=\"u-container-layout u-container-layout-3\" src=\"\">\n                  <div class=\"u-absolute-hcenter u-expanded u-hidden-md u-hidden-sm u-hidden-xs u-shape u-shape-left u-shape-rectangle\"><\/div>\n                <\/div>\n              <\/div>\n            <\/div>\n          <\/div>\n        <\/div>\n        <div class=\"u-border-10 u-border-palette-3-base u-expanded-width-xs u-hidden-md u-hidden-sm u-hidden-xs u-shape u-shape-right u-shape-2\"><\/div>\n      <\/div>\n    <\/section>\n    <section class=\"u-clearfix u-palette-3-base u-section-7\" id=\"follow\">\n      <div class=\"u-clearfix u-sheet u-valign-middle-lg u-valign-middle-xl u-sheet-1\">\n        <div class=\"u-align-center u-container-align-center u-container-style u-expanded-width-sm u-expanded-width-xs u-group u-group-1\">\n          <div class=\"u-container-layout u-valign-middle-xl u-valign-top-md u-valign-top-sm u-valign-top-xs u-container-layout-1\">\n            <h2 class=\"u-align-center-md u-align-center-sm u-align-center-xs u-text u-text-1\">Follow Us<\/h2>\n            <div class=\"u-align-center-sm u-align-center-xs u-align-left-lg u-align-left-md u-align-left-xl u-social-icons u-social-icons-1\">\n              <a class=\"u-social-url\" target=\"_blank\" href=\"https:\/\/www.instagram.com\/insanegames_switzerland\/\" title=\"\" rel=\"noopener\"><span class=\"u-file-icon u-icon u-social-icon u-social-instagram u-icon-1\"><img decoding=\"async\" src=\"https:\/\/insanegames.ch\/wp-content\/uploads\/2022\/09\/1409946-3.png\" alt=\"\"><\/span>\n              <\/a>\n              <a class=\"u-social-url\" target=\"_blank\" data-type=\"Facebook\" title=\"Facebook\" href=\"https:\/\/www.facebook.com\/profile.php?id=100085741989608\" rel=\"noopener\"><span class=\"u-file-icon u-icon u-social-facebook u-social-icon u-icon-2\"><img decoding=\"async\" src=\"https:\/\/insanegames.ch\/wp-content\/uploads\/2022\/09\/5968764-3.png\" alt=\"\"><\/span>\n              <\/a>\n            <\/div>\n            <p class=\"u-text u-text-2\">Teilt eure Erfahung mit uns in den oben genannten sozialen Medien. Wir freuen uns \u00fcber euren Kommentar!<\/p>\n          <\/div>\n        <\/div>\n      <\/div>\n    <\/section>\n    \n    \n    \n  \n","protected":false},"excerpt":{"rendered":"<p>\u00dcber uns Das Gr\u00fcnderteam Hinter der Marke Insane Games stecken 2 kreative K\u00f6pfe, welche mit viel Herzblut und Liebe zum Detail einen eigenen und einzigartigen Escape Room geschaffen haben. Das Setting, das Raumdesign, die R\u00e4tsel und auch die neuen Spielelemente entstammen unseren eigenen Ideen. Die Umsetzung der Ideen f\u00fcr das Raumdesign hat ein K\u00fcnstler f\u00fcr &hellip; <a href=\"https:\/\/insanegames.ch\/index.php\/ueber-uns\/\" class=\"more-link\">Continue reading<span class=\"screen-reader-text\"> &#8222;\u00dcber uns&#8220;<\/span><\/a><\/p>\n","protected":false},"author":1,"featured_media":0,"parent":0,"menu_order":7,"comment_status":"closed","ping_status":"closed","template":"","meta":{"footnotes":""},"class_list":["post-6061","page","type-page","status-publish","hentry"],"_links":{"self":[{"href":"https:\/\/insanegames.ch\/index.php\/wp-json\/wp\/v2\/pages\/6061","targetHints":{"allow":["GET"]}}],"collection":[{"href":"https:\/\/insanegames.ch\/index.php\/wp-json\/wp\/v2\/pages"}],"about":[{"href":"https:\/\/insanegames.ch\/index.php\/wp-json\/wp\/v2\/types\/page"}],"author":[{"embeddable":true,"href":"https:\/\/insanegames.ch\/index.php\/wp-json\/wp\/v2\/users\/1"}],"replies":[{"embeddable":true,"href":"https:\/\/insanegames.ch\/index.php\/wp-json\/wp\/v2\/comments?post=6061"}],"version-history":[{"count":27,"href":"https:\/\/insanegames.ch\/index.php\/wp-json\/wp\/v2\/pages\/6061\/revisions"}],"predecessor-version":[{"id":7458,"href":"https:\/\/insanegames.ch\/index.php\/wp-json\/wp\/v2\/pages\/6061\/revisions\/7458"}],"wp:attachment":[{"href":"https:\/\/insanegames.ch\/index.php\/wp-json\/wp\/v2\/media?parent=6061"}],"curies":[{"name":"wp","href":"https:\/\/api.w.org\/{rel}","templated":true}]}}